{"id":88,"date":"2021-02-17T08:17:48","date_gmt":"2021-02-17T08:17:48","guid":{"rendered":"https:\/\/www.webdesigner.lu\/home\/"},"modified":"2022-01-22T12:02:53","modified_gmt":"2022-01-22T12:02:53","slug":"home","status":"publish","type":"page","link":"https:\/\/www.webdesigner.lu\/fr\/","title":{"rendered":"Cr\u00e9ation de sites internet au webdesign moderne"},"content":{"rendered":"","protected":false},"excerpt":{"rendered":"","protected":false},"author":1,"featured_media":0,"parent":0,"menu_order":0,"comment_status":"closed","ping_status":"closed","template":"template-home.php","meta":{"_acf_changed":false,"inline_featured_image":false,"footnotes":""},"class_list":["post-88","page","type-page","status-publish","hentry"],"acf":[],"yoast_head":"<!-- This site is optimized with the Yoast SEO plugin v24.4 - https:\/\/yoast.com\/wordpress\/plugins\/seo\/ -->\n<title>Cr\u00e9ation de sites internet au webdesign moderne - amyma - the web agency<\/title>\n<meta name=\"description\" content=\"Vous voulez \u00eatre plus visible sur Internet, accro\u00eetre votre notori\u00e9t\u00e9 et am\u00e9liorer votre communication directe avec vos clients? D\u00e9couvrez notre solution digitale de pointe, d\u00e9velopp\u00e9e avec engagement et passion au Luxembourg.\" \/>\n<meta name=\"robots\" content=\"index, follow, max-snippet:-1, max-image-preview:large, max-video-preview:-1\" \/>\n<link rel=\"canonical\" href=\"https:\/\/www.webdesigner.lu\/fr\/\" \/>\n<meta property=\"og:locale\" content=\"fr_FR\" \/>\n<meta property=\"og:type\" content=\"article\" \/>\n<meta property=\"og:title\" content=\"Cr\u00e9ation de sites internet au webdesign moderne - amyma - the web agency\" \/>\n<meta property=\"og:description\" content=\"Vous voulez \u00eatre plus visible sur Internet, accro\u00eetre votre notori\u00e9t\u00e9 et am\u00e9liorer votre communication directe avec vos clients? D\u00e9couvrez notre solution digitale de pointe, d\u00e9velopp\u00e9e avec engagement et passion au Luxembourg.\" \/>\n<meta property=\"og:url\" content=\"https:\/\/www.webdesigner.lu\/fr\/\" \/>\n<meta property=\"og:site_name\" content=\"amyma - the web agency\" \/>\n<meta property=\"article:modified_time\" content=\"2022-01-22T12:02:53+00:00\" \/>\n<meta name=\"twitter:card\" content=\"summary_large_image\" \/>\n<script type=\"application\/ld+json\" class=\"yoast-schema-graph\">{\"@context\":\"https:\/\/schema.org\",\"@graph\":[{\"@type\":\"WebPage\",\"@id\":\"https:\/\/www.webdesigner.lu\/fr\/\",\"url\":\"https:\/\/www.webdesigner.lu\/fr\/\",\"name\":\"Cr\u00e9ation de sites internet au webdesign moderne - amyma - the web agency\",\"isPartOf\":{\"@id\":\"https:\/\/www.webdesigner.lu\/fr\/#website\"},\"datePublished\":\"2021-02-17T08:17:48+00:00\",\"dateModified\":\"2022-01-22T12:02:53+00:00\",\"description\":\"Vous voulez \u00eatre plus visible sur Internet, accro\u00eetre votre notori\u00e9t\u00e9 et am\u00e9liorer votre communication directe avec vos clients? D\u00e9couvrez notre solution digitale de pointe, d\u00e9velopp\u00e9e avec engagement et passion au Luxembourg.\",\"breadcrumb\":{\"@id\":\"https:\/\/www.webdesigner.lu\/fr\/#breadcrumb\"},\"inLanguage\":\"fr-FR\",\"potentialAction\":[{\"@type\":\"ReadAction\",\"target\":[\"https:\/\/www.webdesigner.lu\/fr\/\"]}]},{\"@type\":\"BreadcrumbList\",\"@id\":\"https:\/\/www.webdesigner.lu\/fr\/#breadcrumb\",\"itemListElement\":[{\"@type\":\"ListItem\",\"position\":1,\"name\":\"Home\",\"item\":\"https:\/\/www.webdesigner.lu\/fr\/\"},{\"@type\":\"ListItem\",\"position\":2,\"name\":\"Cr\u00e9ation de sites internet au webdesign moderne\"}]},{\"@type\":\"WebSite\",\"@id\":\"https:\/\/www.webdesigner.lu\/fr\/#website\",\"url\":\"https:\/\/www.webdesigner.lu\/fr\/\",\"name\":\"amyma - the web agency\",\"description\":\"We design stunning web experiences\",\"publisher\":{\"@id\":\"https:\/\/www.webdesigner.lu\/fr\/#organization\"},\"potentialAction\":[{\"@type\":\"SearchAction\",\"target\":{\"@type\":\"EntryPoint\",\"urlTemplate\":\"https:\/\/www.webdesigner.lu\/fr\/?s={search_term_string}\"},\"query-input\":{\"@type\":\"PropertyValueSpecification\",\"valueRequired\":true,\"valueName\":\"search_term_string\"}}],\"inLanguage\":\"fr-FR\"},{\"@type\":\"Organization\",\"@id\":\"https:\/\/www.webdesigner.lu\/fr\/#organization\",\"name\":\"amyma - the web agency\",\"url\":\"https:\/\/www.webdesigner.lu\/fr\/\",\"logo\":{\"@type\":\"ImageObject\",\"inLanguage\":\"fr-FR\",\"@id\":\"https:\/\/www.webdesigner.lu\/fr\/#\/schema\/logo\/image\/\",\"url\":\"https:\/\/www.webdesigner.lu\/wp-content\/uploads\/2022\/01\/favicon.png\",\"contentUrl\":\"https:\/\/www.webdesigner.lu\/wp-content\/uploads\/2022\/01\/favicon.png\",\"width\":500,\"height\":325,\"caption\":\"amyma - the web agency\"},\"image\":{\"@id\":\"https:\/\/www.webdesigner.lu\/fr\/#\/schema\/logo\/image\/\"}}]}<\/script>\n<!-- \/ Yoast SEO plugin. -->","yoast_head_json":{"title":"Cr\u00e9ation de sites internet au webdesign moderne - amyma - the web agency","description":"Vous voulez \u00eatre plus visible sur Internet, accro\u00eetre votre notori\u00e9t\u00e9 et am\u00e9liorer votre communication directe avec vos clients? D\u00e9couvrez notre solution digitale de pointe, d\u00e9velopp\u00e9e avec engagement et passion au Luxembourg.","robots":{"index":"index","follow":"follow","max-snippet":"max-snippet:-1","max-image-preview":"max-image-preview:large","max-video-preview":"max-video-preview:-1"},"canonical":"https:\/\/www.webdesigner.lu\/fr\/","og_locale":"fr_FR","og_type":"article","og_title":"Cr\u00e9ation de sites internet au webdesign moderne - amyma - the web agency","og_description":"Vous voulez \u00eatre plus visible sur Internet, accro\u00eetre votre notori\u00e9t\u00e9 et am\u00e9liorer votre communication directe avec vos clients? D\u00e9couvrez notre solution digitale de pointe, d\u00e9velopp\u00e9e avec engagement et passion au Luxembourg.","og_url":"https:\/\/www.webdesigner.lu\/fr\/","og_site_name":"amyma - the web agency","article_modified_time":"2022-01-22T12:02:53+00:00","twitter_card":"summary_large_image","schema":{"@context":"https:\/\/schema.org","@graph":[{"@type":"WebPage","@id":"https:\/\/www.webdesigner.lu\/fr\/","url":"https:\/\/www.webdesigner.lu\/fr\/","name":"Cr\u00e9ation de sites internet au webdesign moderne - amyma - the web agency","isPartOf":{"@id":"https:\/\/www.webdesigner.lu\/fr\/#website"},"datePublished":"2021-02-17T08:17:48+00:00","dateModified":"2022-01-22T12:02:53+00:00","description":"Vous voulez \u00eatre plus visible sur Internet, accro\u00eetre votre notori\u00e9t\u00e9 et am\u00e9liorer votre communication directe avec vos clients? D\u00e9couvrez notre solution digitale de pointe, d\u00e9velopp\u00e9e avec engagement et passion au Luxembourg.","breadcrumb":{"@id":"https:\/\/www.webdesigner.lu\/fr\/#breadcrumb"},"inLanguage":"fr-FR","potentialAction":[{"@type":"ReadAction","target":["https:\/\/www.webdesigner.lu\/fr\/"]}]},{"@type":"BreadcrumbList","@id":"https:\/\/www.webdesigner.lu\/fr\/#breadcrumb","itemListElement":[{"@type":"ListItem","position":1,"name":"Home","item":"https:\/\/www.webdesigner.lu\/fr\/"},{"@type":"ListItem","position":2,"name":"Cr\u00e9ation de sites internet au webdesign moderne"}]},{"@type":"WebSite","@id":"https:\/\/www.webdesigner.lu\/fr\/#website","url":"https:\/\/www.webdesigner.lu\/fr\/","name":"amyma - the web agency","description":"We design stunning web experiences","publisher":{"@id":"https:\/\/www.webdesigner.lu\/fr\/#organization"},"potentialAction":[{"@type":"SearchAction","target":{"@type":"EntryPoint","urlTemplate":"https:\/\/www.webdesigner.lu\/fr\/?s={search_term_string}"},"query-input":{"@type":"PropertyValueSpecification","valueRequired":true,"valueName":"search_term_string"}}],"inLanguage":"fr-FR"},{"@type":"Organization","@id":"https:\/\/www.webdesigner.lu\/fr\/#organization","name":"amyma - the web agency","url":"https:\/\/www.webdesigner.lu\/fr\/","logo":{"@type":"ImageObject","inLanguage":"fr-FR","@id":"https:\/\/www.webdesigner.lu\/fr\/#\/schema\/logo\/image\/","url":"https:\/\/www.webdesigner.lu\/wp-content\/uploads\/2022\/01\/favicon.png","contentUrl":"https:\/\/www.webdesigner.lu\/wp-content\/uploads\/2022\/01\/favicon.png","width":500,"height":325,"caption":"amyma - the web agency"},"image":{"@id":"https:\/\/www.webdesigner.lu\/fr\/#\/schema\/logo\/image\/"}}]}},"_links":{"self":[{"href":"https:\/\/www.webdesigner.lu\/fr\/wp-json\/wp\/v2\/pages\/88","targetHints":{"allow":["GET"]}}],"collection":[{"href":"https:\/\/www.webdesigner.lu\/fr\/wp-json\/wp\/v2\/pages"}],"about":[{"href":"https:\/\/www.webdesigner.lu\/fr\/wp-json\/wp\/v2\/types\/page"}],"author":[{"embeddable":true,"href":"https:\/\/www.webdesigner.lu\/fr\/wp-json\/wp\/v2\/users\/1"}],"replies":[{"embeddable":true,"href":"https:\/\/www.webdesigner.lu\/fr\/wp-json\/wp\/v2\/comments?post=88"}],"version-history":[{"count":0,"href":"https:\/\/www.webdesigner.lu\/fr\/wp-json\/wp\/v2\/pages\/88\/revisions"}],"wp:attachment":[{"href":"https:\/\/www.webdesigner.lu\/fr\/wp-json\/wp\/v2\/media?parent=88"}],"curies":[{"name":"wp","href":"https:\/\/api.w.org\/{rel}","templated":true}]}}